{"id":755,"date":"2024-02-27T20:56:16","date_gmt":"2024-02-27T19:56:16","guid":{"rendered":"https:\/\/nedejamei.com\/stories\/"},"modified":"2024-10-11T10:54:49","modified_gmt":"2024-10-11T08:54:49","slug":"stories","status":"publish","type":"page","link":"https:\/\/nedejamei.com\/en\/stories\/","title":{"rendered":"Khrafa \/ Stories"},"content":{"rendered":"\n\t<div id=\"gap-1802570374\" class=\"gap-element clearfix hide-for-medium\" style=\"display:block; height:auto;\">\n\t\t\n<style>\n#gap-1802570374 {\n  padding-top: 100px;\n}\n<\/style>\n\t<\/div>\n\t\n\n<div class=\"row row-collapse row-full-width align-middle\"  id=\"row-671695638\">\n\n\n\t<div id=\"col-701019134\" class=\"col medium-5 small-12 large-5\"  >\n\t\t\t\t<div class=\"col-inner\"  >\n\t\t\t\n\t\t\t\n\n\t<div class=\"img has-hover x md-x lg-x y md-y lg-y\" id=\"image_55919363\">\n\t\t\t\t\t\t\t\t<div class=\"img-inner dark\" >\n\t\t\t<img loading=\"lazy\" decoding=\"async\" width=\"1000\" height=\"1333\" src=\"https:\/\/nedejamei.com\/wp-content\/uploads\/2024\/05\/histoires.jpg\" class=\"attachment-original size-original\" alt=\"\" srcset=\"https:\/\/nedejamei.com\/wp-content\/uploads\/2024\/05\/histoires.jpg 1000w, https:\/\/nedejamei.com\/wp-content\/uploads\/2024\/05\/histoires-300x400.jpg 300w, https:\/\/nedejamei.com\/wp-content\/uploads\/2024\/05\/histoires-600x800.jpg 600w, https:\/\/nedejamei.com\/wp-content\/uploads\/2024\/05\/histoires-768x1024.jpg 768w\" sizes=\"auto, (max-width: 1000px) 100vw, 1000px\" \/>\t\t\t\t\t\t\n\t\t\t\t\t<\/div>\n\t\t\t\t\t\t\t\t\n<style>\n#image_55919363 {\n  width: 100%;\n}\n<\/style>\n\t<\/div>\n\t\n\n\n\t\t<\/div>\n\t\t\t\t\t<\/div>\n\n\t\n\n\t<div id=\"col-579930703\" class=\"col medium-7 small-12 large-7 small-col-first\"  >\n\t\t\t\t<div class=\"col-inner\"  >\n\t\t\t\n\t\t\t\n\n<h2>Histoires<\/h2>\n<p>l\u2019histoire de la broderie ornant nos pi\u00e8ces :<\/p>\n<p>Penser et mettre en vie un v\u00eatement est comme une manifestation li\u00e9e par la chanson, la danse et la photographie; il y a tellement \u00e0 raconter.<\/p>\n<p>Faire revivre un art traditionnel la modernit\u00e9 et les codes du luxe est l\u2019un des d\u00e9fis relev\u00e9 \u00e0 travers la collection Telyssar.<\/p>\n<p>La broderie tunisienne est l\u2019une des plus grandes richesses de l\u2019artisanat du bassin m\u00e9diterran\u00e9en, connue pour son \u00e9l\u00e9gance et son raffinement. Les motifs procurent au v\u00eatement une cr\u00e9ativit\u00e9 remarquable o\u00f9 l\u2019harmonie des couleurs rivalise avec la vari\u00e9t\u00e9 des points et la ma\u00eetrise des techniques.<\/p>\n<p>C\u2019est l\u00e0 l\u2019h\u00e9ritage que l\u00e8gue la tradition \u00e0 la modernit\u00e9.<\/p>\n<p>La ressemblance fr\u00e9quente des broderies tunisiennes avec certaines broderies turques, romaines, grecques, italiennes et espagnoles ne peut laisser de doute sur leur parent\u00e9 et une origine orientale commune.<\/p>\n<p>Le talent des brodeuses et brodeurs tunisiens est tel que de grands noms de la haute couture parisienne, new yorkaise ou londonienne font appel \u00e0 ces petites mains pour agr\u00e9menter leurs tissus du savoir-faire tunisien.<\/p>\n\n\n\t\t<\/div>\n\t\t\t\t\n<style>\n#col-579930703 > .col-inner {\n  padding: 12% 12% 12% 12%;\n}\n<\/style>\n\t<\/div>\n\n\t\n\n<\/div>\n\t<div id=\"gap-622616385\" class=\"gap-element clearfix hide-for-medium\" style=\"display:block; height:auto;\">\n\t\t\n<style>\n#gap-622616385 {\n  padding-top: 100px;\n}\n<\/style>\n\t<\/div>\n\t\n\n\n","protected":false},"excerpt":{"rendered":"","protected":false},"author":2,"featured_media":0,"parent":0,"menu_order":0,"comment_status":"closed","ping_status":"closed","template":"","meta":{"inline_featured_image":false,"footnotes":""},"class_list":["post-755","page","type-page","status-publish","hentry"],"_links":{"self":[{"href":"https:\/\/nedejamei.com\/en\/wp-json\/wp\/v2\/pages\/755","targetHints":{"allow":["GET"]}}],"collection":[{"href":"https:\/\/nedejamei.com\/en\/wp-json\/wp\/v2\/pages"}],"about":[{"href":"https:\/\/nedejamei.com\/en\/wp-json\/wp\/v2\/types\/page"}],"author":[{"embeddable":true,"href":"https:\/\/nedejamei.com\/en\/wp-json\/wp\/v2\/users\/2"}],"replies":[{"embeddable":true,"href":"https:\/\/nedejamei.com\/en\/wp-json\/wp\/v2\/comments?post=755"}],"version-history":[{"count":4,"href":"https:\/\/nedejamei.com\/en\/wp-json\/wp\/v2\/pages\/755\/revisions"}],"predecessor-version":[{"id":1082,"href":"https:\/\/nedejamei.com\/en\/wp-json\/wp\/v2\/pages\/755\/revisions\/1082"}],"wp:attachment":[{"href":"https:\/\/nedejamei.com\/en\/wp-json\/wp\/v2\/media?parent=755"}],"curies":[{"name":"wp","href":"https:\/\/api.w.org\/{rel}","templated":true}]}}