{"id":762,"date":"2024-02-27T20:55:16","date_gmt":"2024-02-27T19:55:16","guid":{"rendered":"https:\/\/nedejamei.com\/environmental-policy\/"},"modified":"2024-05-06T21:10:26","modified_gmt":"2024-05-06T19:10:26","slug":"environmental-policy","status":"publish","type":"page","link":"https:\/\/nedejamei.com\/en\/environmental-policy\/","title":{"rendered":"Environmental policy"},"content":{"rendered":"\n\n\t<section class=\"section\" id=\"section_1541125716\">\n\t\t<div class=\"section-bg fill\" >\n\t\t\t\t\t\t\t\t\t\n\t\t\t\n\n\t\t<\/div>\n\n\t\t\n\n\t\t<div class=\"section-content relative\">\n\t\t\t\n\n\t<div id=\"gap-877245532\" class=\"gap-element clearfix hide-for-medium\" style=\"display:block; height:auto;\">\n\t\t\n<style>\n#gap-877245532 {\n  padding-top: 100px;\n}\n<\/style>\n\t<\/div>\n\t\n\n<div class=\"row row-collapse row-full-width align-middle\"  id=\"row-934545616\">\n\n\n\t<div id=\"col-1085573155\" class=\"col medium-5 small-12 large-5\"  >\n\t\t\t\t<div class=\"col-inner\"  >\n\t\t\t\n\t\t\t\n\n\t<div class=\"img has-hover x md-x lg-x y md-y lg-y\" id=\"image_49811618\">\n\t\t\t\t\t\t\t\t<div class=\"img-inner dark\" >\n\t\t\t<img loading=\"lazy\" decoding=\"async\" width=\"1000\" height=\"1500\" src=\"https:\/\/nedejamei.com\/wp-content\/uploads\/2024\/05\/politique-environnementale.jpg\" class=\"attachment-original size-original\" alt=\"\" srcset=\"https:\/\/nedejamei.com\/wp-content\/uploads\/2024\/05\/politique-environnementale.jpg 1000w, https:\/\/nedejamei.com\/wp-content\/uploads\/2024\/05\/politique-environnementale-267x400.jpg 267w, https:\/\/nedejamei.com\/wp-content\/uploads\/2024\/05\/politique-environnementale-533x800.jpg 533w, https:\/\/nedejamei.com\/wp-content\/uploads\/2024\/05\/politique-environnementale-768x1152.jpg 768w, https:\/\/nedejamei.com\/wp-content\/uploads\/2024\/05\/politique-environnementale-600x900.jpg 600w\" sizes=\"auto, (max-width: 1000px) 100vw, 1000px\" \/>\t\t\t\t\t\t\n\t\t\t\t\t<\/div>\n\t\t\t\t\t\t\t\t\n<style>\n#image_49811618 {\n  width: 100%;\n}\n<\/style>\n\t<\/div>\n\t\n\n\n\t\t<\/div>\n\t\t\t\t\t<\/div>\n\n\t\n\n\t<div id=\"col-2100495406\" class=\"col medium-7 small-12 large-7 small-col-first\"  >\n\t\t\t\t<div class=\"col-inner\"  >\n\t\t\t\n\t\t\t\n\n<h3>Politique environnementale<\/h3>\n<p>Nous consid\u00e9rons la pr\u00e9servation de l\u2019environnement comme \u00e9tant l\u2019une des valeurs essentielles sur lesquelles est bas\u00e9e la vision de la maison NEDE JAMEI.<\/p>\n<p>Nous tenons \u00e0 faire partie des acteurs positifs de l\u2019industrie du luxe et serons ind\u00e9niablement ouverts \u00e0 toutes les pratiques durables pour rester fid\u00e8les \u00e0 notre politique environnementale.<\/p>\n\n\t\t<\/div>\n\t\t\t\t\n<style>\n#col-2100495406 > .col-inner {\n  padding: 12% 12% 12% 12%;\n}\n<\/style>\n\t<\/div>\n\n\t\n\n<\/div>\n\t<div id=\"gap-2030363018\" class=\"gap-element clearfix hide-for-medium\" style=\"display:block; height:auto;\">\n\t\t\n<style>\n#gap-2030363018 {\n  padding-top: 100px;\n}\n<\/style>\n\t<\/div>\n\t\n\n<div class=\"row row-collapse row-full-width align-middle\"  id=\"row-619263095\">\n\n\n\t<div id=\"col-890585241\" class=\"col medium-7 small-12 large-7\"  >\n\t\t\t\t<div class=\"col-inner\"  >\n\t\t\t\n\t\t\t\n\n<h4>Engagement<\/h4>\n<p>L\u2019intemporalit\u00e9 et la simplicit\u00e9 de nos mod\u00e8les s\u2019inscrivent dans un \u00e9cosyst\u00e8me du respect environnemental ; nos designs sont \u00e9pur\u00e9s et chacune des pi\u00e8ces est harmonieuse et agr\u00e9able \u00e0 porter.<\/p>\n<p>A travers une logique d\u2019une mode circulaire, nous revalorisons la mati\u00e8re utilis\u00e9e \u00e0 chaque \u00e9tape du processus ;<\/p>\n<p>L\u2019exp\u00e9rience que nous offrons \u00e0 notre communaut\u00e9 est guid\u00e9e par notre engagement envers la protection de la plan\u00e8te, et pendant laquelle chaque interaction permet de cr\u00e9er un avenir plus durable.<\/p>\n\n\t\t<\/div>\n\t\t\t\t\n<style>\n#col-890585241 > .col-inner {\n  padding: 12% 12% 12% 12%;\n}\n<\/style>\n\t<\/div>\n\n\t\n\n\t<div id=\"col-1286144673\" class=\"col medium-5 small-12 large-5\"  >\n\t\t\t\t<div class=\"col-inner\"  >\n\t\t\t\n\t\t\t\n\n\t<div class=\"img has-hover x md-x lg-x y md-y lg-y\" id=\"image_782784365\">\n\t\t\t\t\t\t\t\t<div class=\"img-inner dark\" >\n\t\t\t<img loading=\"lazy\" decoding=\"async\" width=\"1000\" height=\"667\" src=\"https:\/\/nedejamei.com\/wp-content\/uploads\/2024\/05\/engagement.jpg\" class=\"attachment-original size-original\" alt=\"\" srcset=\"https:\/\/nedejamei.com\/wp-content\/uploads\/2024\/05\/engagement.jpg 1000w, https:\/\/nedejamei.com\/wp-content\/uploads\/2024\/05\/engagement-600x400.jpg 600w, https:\/\/nedejamei.com\/wp-content\/uploads\/2024\/05\/engagement-768x512.jpg 768w\" sizes=\"auto, (max-width: 1000px) 100vw, 1000px\" \/>\t\t\t\t\t\t\n\t\t\t\t\t<\/div>\n\t\t\t\t\t\t\t\t\n<style>\n#image_782784365 {\n  width: 100%;\n}\n<\/style>\n\t<\/div>\n\t\n\n\n\t\t<\/div>\n\t\t\t\t\t<\/div>\n\n\t\n\n<\/div>\n\t<div id=\"gap-377622950\" class=\"gap-element clearfix hide-for-medium\" style=\"display:block; height:auto;\">\n\t\t\n<style>\n#gap-377622950 {\n  padding-top: 100px;\n}\n<\/style>\n\t<\/div>\n\t\n\n<div class=\"row row-collapse row-full-width align-middle\"  id=\"row-2018110841\">\n\n\n\t<div id=\"col-1982266280\" class=\"col medium-5 small-12 large-5\"  >\n\t\t\t\t<div class=\"col-inner\"  >\n\t\t\t\n\t\t\t\n\n\t<div class=\"img has-hover x md-x lg-x y md-y lg-y\" id=\"image_93131771\">\n\t\t\t\t\t\t\t\t<div class=\"img-inner dark\" >\n\t\t\t<img loading=\"lazy\" decoding=\"async\" width=\"1000\" height=\"562\" src=\"https:\/\/nedejamei.com\/wp-content\/uploads\/2024\/05\/partenaires-2.jpg\" class=\"attachment-original size-original\" alt=\"\" srcset=\"https:\/\/nedejamei.com\/wp-content\/uploads\/2024\/05\/partenaires-2.jpg 1000w, https:\/\/nedejamei.com\/wp-content\/uploads\/2024\/05\/partenaires-2-712x400.jpg 712w, https:\/\/nedejamei.com\/wp-content\/uploads\/2024\/05\/partenaires-2-768x432.jpg 768w, https:\/\/nedejamei.com\/wp-content\/uploads\/2024\/05\/partenaires-2-600x337.jpg 600w\" sizes=\"auto, (max-width: 1000px) 100vw, 1000px\" \/>\t\t\t\t\t\t\n\t\t\t\t\t<\/div>\n\t\t\t\t\t\t\t\t\n<style>\n#image_93131771 {\n  width: 100%;\n}\n<\/style>\n\t<\/div>\n\t\n\n\n\t\t<\/div>\n\t\t\t\t\t<\/div>\n\n\t\n\n\t<div id=\"col-1405435243\" class=\"col medium-7 small-12 large-7 small-col-first\"  >\n\t\t\t\t<div class=\"col-inner\"  >\n\t\t\t\n\t\t\t\n\n<h4>Partenaires<\/h4>\n<p>Nous consid\u00e9rons la pr\u00e9servation de l\u2019environnement comme \u00e9tant l\u2019une des valeurs essentielles sur lesquelles est bas\u00e9e la vision de la maison NEDE JAMEI.<\/p>\n<p>Nous tenons \u00e0 faire partie des acteurs positifs de l\u2019industrie du luxe et serons ind\u00e9niablement ouverts \u00e0 toutes les pratiques durables pour rester fid\u00e8les \u00e0 notre politique environnementale.<\/p>\n\n\t\t<\/div>\n\t\t\t\t\n<style>\n#col-1405435243 > .col-inner {\n  padding: 12% 12% 12% 12%;\n}\n<\/style>\n\t<\/div>\n\n\t\n\n<\/div>\n\t<div id=\"gap-2022304989\" class=\"gap-element clearfix hide-for-medium\" style=\"display:block; height:auto;\">\n\t\t\n<style>\n#gap-2022304989 {\n  padding-top: 100px;\n}\n<\/style>\n\t<\/div>\n\t\n\n\n\t\t<\/div>\n\n\t\t\n<style>\n#section_1541125716 {\n  padding-top: 0px;\n  padding-bottom: 0px;\n}\n<\/style>\n\t<\/section>\n\t\n\n","protected":false},"excerpt":{"rendered":"","protected":false},"author":2,"featured_media":0,"parent":0,"menu_order":0,"comment_status":"closed","ping_status":"closed","template":"","meta":{"inline_featured_image":false,"footnotes":""},"class_list":["post-762","page","type-page","status-publish","hentry"],"_links":{"self":[{"href":"https:\/\/nedejamei.com\/en\/wp-json\/wp\/v2\/pages\/762","targetHints":{"allow":["GET"]}}],"collection":[{"href":"https:\/\/nedejamei.com\/en\/wp-json\/wp\/v2\/pages"}],"about":[{"href":"https:\/\/nedejamei.com\/en\/wp-json\/wp\/v2\/types\/page"}],"author":[{"embeddable":true,"href":"https:\/\/nedejamei.com\/en\/wp-json\/wp\/v2\/users\/2"}],"replies":[{"embeddable":true,"href":"https:\/\/nedejamei.com\/en\/wp-json\/wp\/v2\/comments?post=762"}],"version-history":[{"count":3,"href":"https:\/\/nedejamei.com\/en\/wp-json\/wp\/v2\/pages\/762\/revisions"}],"predecessor-version":[{"id":875,"href":"https:\/\/nedejamei.com\/en\/wp-json\/wp\/v2\/pages\/762\/revisions\/875"}],"wp:attachment":[{"href":"https:\/\/nedejamei.com\/en\/wp-json\/wp\/v2\/media?parent=762"}],"curies":[{"name":"wp","href":"https:\/\/api.w.org\/{rel}","templated":true}]}}